{"id":3450,"date":"2021-08-31T00:54:11","date_gmt":"2021-08-31T00:54:11","guid":{"rendered":"https:\/\/zingboxwp.demothemesflat.com\/?page_id=3450"},"modified":"2023-10-04T09:01:40","modified_gmt":"2023-10-04T09:01:40","slug":"contacto","status":"publish","type":"page","link":"https:\/\/iberenergy.services\/en\/contacto\/","title":{"rendered":"Contact"},"content":{"rendered":"<div data-elementor-type=\"wp-page\" data-elementor-id=\"3450\" class=\"elementor elementor-3450\">\n\t\t\t\t\t\t\t\t\t<section class=\"elementor-section elementor-top-section elementor-element elementor-element-9e22f14 elementor-section-boxed elementor-section-height-default elementor-section-height-default\" data-id=\"9e22f14\" data-element_type=\"section\">\n\t\t\t\t\t\t<div class=\"elementor-container elementor-column-gap-extended\">\n\t\t\t\t\t<div class=\"elementor-column elementor-col-33 elementor-top-column elementor-element elementor-element-1b41c2c\" data-id=\"1b41c2c\" data-element_type=\"column\">\n\t\t\t<div class=\"elementor-widget-wrap elementor-element-populated\">\n\t\t\t\t\t\t\t\t<div class=\"elementor-element elementor-element-89600e4 elementor-widget elementor-widget-heading\" data-id=\"89600e4\" data-element_type=\"widget\" data-widget_type=\"heading.default\">\n\t\t\t\t<div class=\"elementor-widget-container\">\n\t\t\t<h2 class=\"elementor-heading-title elementor-size-default\">Contact with us<\/h2>\t\t<\/div>\n\t\t\t\t<\/div>\n\t\t\t\t<div class=\"elementor-element elementor-element-8284aeb elementor-widget elementor-widget-heading\" data-id=\"8284aeb\" data-element_type=\"widget\" data-widget_type=\"heading.default\">\n\t\t\t\t<div class=\"elementor-widget-container\">\n\t\t\t<h2 class=\"elementor-heading-title elementor-size-default\">write to us at\na message<\/h2>\t\t<\/div>\n\t\t\t\t<\/div>\n\t\t\t\t<div class=\"elementor-element elementor-element-7fdca75 elementor-widget elementor-widget-text-editor\" data-id=\"7fdca75\" data-element_type=\"widget\" data-widget_type=\"text-editor.default\">\n\t\t\t\t<div class=\"elementor-widget-container\">\n\t\t\t\t\t\t\t<p>Call or email us today. We strive to provide our customers with first class support to make your experience a great one!<\/p>\t\t\t\t\t\t<\/div>\n\t\t\t\t<\/div>\n\t\t\t\t<div class=\"elementor-element elementor-element-e65742c elementor-shape-circle e-grid-align-left elementor-grid-0 elementor-widget elementor-widget-social-icons\" data-id=\"e65742c\" data-element_type=\"widget\" data-widget_type=\"social-icons.default\">\n\t\t\t\t<div class=\"elementor-widget-container\">\n\t\t\t\t\t<div class=\"elementor-social-icons-wrapper elementor-grid\">\n\t\t\t\t\t\t\t<span class=\"elementor-grid-item\">\n\t\t\t\t\t<a class=\"elementor-icon elementor-social-icon elementor-social-icon-linkedin elementor-repeater-item-6a80d74\" href=\"#\" target=\"_blank\">\n\t\t\t\t\t\t<span class=\"elementor-screen-only\">Linkedin<\/span>\n\t\t\t\t\t\t<i class=\"fab fa-linkedin\"><\/i>\t\t\t\t\t<\/a>\n\t\t\t\t<\/span>\n\t\t\t\t\t<\/div>\n\t\t\t\t<\/div>\n\t\t\t\t<\/div>\n\t\t\t\t\t<\/div>\n\t\t<\/div>\n\t\t\t\t<div class=\"elementor-column elementor-col-66 elementor-top-column elementor-element elementor-element-e4a02ec\" data-id=\"e4a02ec\" data-element_type=\"column\">\n\t\t\t<div class=\"elementor-widget-wrap elementor-element-populated\">\n\t\t\t\t\t\t\t\t<div class=\"elementor-element elementor-element-39a38ee elementor-widget elementor-widget-shortcode\" data-id=\"39a38ee\" data-element_type=\"widget\" data-widget_type=\"shortcode.default\">\n\t\t\t\t<div class=\"elementor-widget-container\">\n\t\t\t\t\t<div class=\"elementor-shortcode\">\n<div class=\"wpcf7 no-js\" id=\"wpcf7-f3453-o1\" lang=\"en-US\" dir=\"ltr\">\n<div class=\"screen-reader-response\"><p role=\"status\" aria-live=\"polite\" aria-atomic=\"true\"><\/p> <ul><\/ul><\/div>\n<form action=\"\/en\/wp-json\/wp\/v2\/pages\/3450#wpcf7-f3453-o1\" method=\"post\" class=\"wpcf7-form init\" aria-label=\"Contact form\" novalidate=\"novalidate\" data-status=\"init\" data-trp-original-action=\"\/en\/wp-json\/wp\/v2\/pages\/3450#wpcf7-f3453-o1\">\n<div style=\"display: none;\">\n<input type=\"hidden\" name=\"_wpcf7\" value=\"3453\" \/>\n<input type=\"hidden\" name=\"_wpcf7_version\" value=\"5.8.1\" \/>\n<input type=\"hidden\" name=\"_wpcf7_locale\" value=\"en_US\" \/>\n<input type=\"hidden\" name=\"_wpcf7_unit_tag\" value=\"wpcf7-f3453-o1\" \/>\n<input type=\"hidden\" name=\"_wpcf7_container_post\" value=\"0\" \/>\n<input type=\"hidden\" name=\"_wpcf7_posted_data_hash\" value=\"\" \/>\n<\/div>\n<div class=\"transparent-form\">\n\t<p><span class=\"wpcf7-form-control-wrap\" data-name=\"text-143\"><input size=\"40\" class=\"wpcf7-form-control wpcf7-text\" aria-invalid=\"false\" placeholder=\"Name\" value=\"\" type=\"text\" name=\"text-143\" \/><\/span>\n\t<\/p>\n\t<p><span class=\"wpcf7-form-control-wrap\" data-name=\"number-656\"><input class=\"wpcf7-form-control wpcf7-number wpcf7-validates-as-number\" min=\"9\" max=\"15\" aria-invalid=\"false\" placeholder=\"Telephone number\" value=\"\" type=\"number\" name=\"number-656\" \/><\/span>\n\t<\/p>\n\t<p><span class=\"wpcf7-form-control-wrap\" data-name=\"your-email\"><input size=\"40\" class=\"wpcf7-form-control wpcf7-email wpcf7-validates-as-required wpcf7-text wpcf7-validates-as-email\" aria-required=\"true\" aria-invalid=\"false\" placeholder=\"Correo electr\u00f3nico\" value=\"\" type=\"email\" name=\"your-email\" \/><\/span>\n\t<\/p>\n\t<p><span class=\"wpcf7-form-control-wrap\" data-name=\"your-subject\"><input size=\"40\" class=\"wpcf7-form-control wpcf7-text wpcf7-validates-as-required\" aria-required=\"true\" aria-invalid=\"false\" placeholder=\"Subject\" value=\"\" type=\"text\" name=\"your-subject\" \/><\/span>\n\t<\/p>\n\t<p><span class=\"wpcf7-form-control-wrap\" data-name=\"your-message\"><textarea cols=\"40\" rows=\"10\" class=\"wpcf7-form-control wpcf7-textarea\" aria-invalid=\"false\" placeholder=\"Message\" name=\"your-message\"><\/textarea><\/span><button type=\"submit\">Send<\/button>\n\t<\/p>\n<\/div><div class=\"wpcf7-response-output\" aria-hidden=\"true\"><\/div>\n<input type=\"hidden\" name=\"trp-form-language\" value=\"en\"\/><\/form>\n<\/div>\n<\/div>\n\t\t\t\t<\/div>\n\t\t\t\t<\/div>\n\t\t\t\t\t<\/div>\n\t\t<\/div>\n\t\t\t\t\t\t\t<\/div>\n\t\t<\/section>\n\t\t\t\t<section class=\"elementor-section elementor-top-section elementor-element elementor-element-e1342f8 elementor-section-boxed elementor-section-height-default elementor-section-height-default\" data-id=\"e1342f8\" data-element_type=\"section\">\n\t\t\t\t\t\t<div class=\"elementor-container elementor-column-gap-no\">\n\t\t\t\t\t<div class=\"elementor-column elementor-col-100 elementor-top-column elementor-element elementor-element-bc1c6df\" data-id=\"bc1c6df\" data-element_type=\"column\">\n\t\t\t<div class=\"elementor-widget-wrap elementor-element-populated\">\n\t\t\t\t\t\t\t\t<section class=\"elementor-section elementor-inner-section elementor-element elementor-element-f5baf52 elementor-section-full_width elementor-section-height-default elementor-section-height-default\" data-id=\"f5baf52\" data-element_type=\"section\">\n\t\t\t\t\t\t<div class=\"elementor-container elementor-column-gap-extended\">\n\t\t\t\t\t<div class=\"elementor-column elementor-col-100 elementor-inner-column elementor-element elementor-element-a7720fe\" data-id=\"a7720fe\" data-element_type=\"column\">\n\t\t\t<div class=\"elementor-widget-wrap elementor-element-populated\">\n\t\t\t\t\t\t\t\t<div class=\"elementor-element elementor-element-b2d239d elementor-widget elementor-widget-tf-title-section\" data-id=\"b2d239d\" data-element_type=\"widget\" data-widget_type=\"tf-title-section.default\">\n\t\t\t\t<div class=\"elementor-widget-container\">\n\t\t\t<div id=\"tf-title-section-b2d239d\" class=\"tf-title-section\" data-tabid=\"b2d239d\"> \r\n\t\t\t\t\r\n\t\t\t<div class=\"title-section\">\r\n\t\t\t\t<div class=\"blurred-text\">Sevilla<\/div>\r\n\t\t\t\t<h2 class=\"heading\">Our offices<\/h2>\r\n\t\t\t\t\r\n\t\t\t<\/div>                \r\n            <\/div>\t\t<\/div>\n\t\t\t\t<\/div>\n\t\t\t\t\t<\/div>\n\t\t<\/div>\n\t\t\t\t\t\t\t<\/div>\n\t\t<\/section>\n\t\t\t\t<section class=\"elementor-section elementor-inner-section elementor-element elementor-element-dff7381 elementor-section-full_width elementor-section-height-default elementor-section-height-default\" data-id=\"dff7381\" data-element_type=\"section\">\n\t\t\t\t\t\t<div class=\"elementor-container elementor-column-gap-extended\">\n\t\t\t\t\t<div class=\"elementor-column elementor-col-50 elementor-inner-column elementor-element elementor-element-0e33674\" data-id=\"0e33674\" data-element_type=\"column\">\n\t\t\t<div class=\"elementor-widget-wrap elementor-element-populated\">\n\t\t\t\t\t\t\t\t<div class=\"elementor-element elementor-element-15c579d elementor-widget elementor-widget-tfimagebox\" data-id=\"15c579d\" data-element_type=\"widget\" data-widget_type=\"tfimagebox.default\">\n\t\t\t\t<div class=\"elementor-widget-container\">\n\t\t\t<div class=\"tf-imagebox style-1\"> \r\n                <div class=\"image\"><img loading=\"lazy\" decoding=\"async\" width=\"587\" height=\"440\" src=\"https:\/\/iberenergy.services\/wp-content\/uploads\/2022\/10\/4px-BW84_n0QJGVPszge3NRBsKw-2VcOifrJIjPYFYkOtaCZxxXQ2UMF6LAt4fMjqmP05tHjpyOMpZJaLbi-BbMY7u0rpFKrOjUklsyHsoPOMy_ZzDmnbw.webp\" class=\"attachment-full size-full wp-image-7740\" alt=\"\" srcset=\"https:\/\/iberenergy.services\/wp-content\/uploads\/2022\/10\/4px-BW84_n0QJGVPszge3NRBsKw-2VcOifrJIjPYFYkOtaCZxxXQ2UMF6LAt4fMjqmP05tHjpyOMpZJaLbi-BbMY7u0rpFKrOjUklsyHsoPOMy_ZzDmnbw.webp 587w, https:\/\/iberenergy.services\/wp-content\/uploads\/2022\/10\/4px-BW84_n0QJGVPszge3NRBsKw-2VcOifrJIjPYFYkOtaCZxxXQ2UMF6LAt4fMjqmP05tHjpyOMpZJaLbi-BbMY7u0rpFKrOjUklsyHsoPOMy_ZzDmnbw-300x225.webp 300w\" sizes=\"auto, (max-width: 587px) 100vw, 587px\" \/> <div class=\"image-overlay fade-in\"><\/div><\/div>\r\n                <div class=\"content-only\"> \r\n                \t               \t              \r\n\t\t\t\t\t<h4 class=\"title\"><a href=\"https:\/\/g.page\/serunion-sevilla?share\"  target=\"_blank\" >Sevilla<\/a><\/h4>\r\n\t\t\t\t<\/div>\r\n                <div class=\"content\">\t\r\n                \t                \r\n\t\t\t\t\t<h4 class=\"title\"><a href=\"https:\/\/g.page\/serunion-sevilla?share\"  target=\"_blank\" >Sevilla<\/a><\/h4>\r\n\t                <div class=\"description\"><p>Avenida Averroes, 8 Edificio Acr\u00f3polis, planta 4 M\u00f3dulos de oficinas 409-410, 41020 Sevilla<\/p><\/div>\r\n\t                <div class=\"tf-button-container\"><a class=\"tf-button bt_icon_before btn-overlay default-theme\" href=\"https:\/\/g.page\/serunion-sevilla?share\"  target=\"_blank\" ><i class=\"fas fa-map-marker-alt\"><\/i> How to get there<\/a><\/div>\r\n\t\t\t\t<\/div>\r\n            <\/div>\t\t<\/div>\n\t\t\t\t<\/div>\n\t\t\t\t\t<\/div>\n\t\t<\/div>\n\t\t\t\t<div class=\"elementor-column elementor-col-50 elementor-inner-column elementor-element elementor-element-7a52a35\" data-id=\"7a52a35\" data-element_type=\"column\">\n\t\t\t<div class=\"elementor-widget-wrap elementor-element-populated\">\n\t\t\t\t\t\t\t\t<div class=\"elementor-element elementor-element-4cc2f5a elementor-widget elementor-widget-google_maps\" data-id=\"4cc2f5a\" data-element_type=\"widget\" data-widget_type=\"google_maps.default\">\n\t\t\t\t<div class=\"elementor-widget-container\">\n\t\t\t\t\t<div class=\"elementor-custom-embed\">\n\t\t\t<iframe loading=\"lazy\"\n\t\t\t\t\tsrc=\"https:\/\/maps.google.com\/maps?q=Avenida%20Averroes%2C%208%20Modulo%20110%20111%2041020%20Sevilla%20%28Spain%29&#038;t=m&#038;z=16&#038;output=embed&#038;iwloc=near\"\n\t\t\t\t\ttitle=\"Avenida Averroes, 8 Modulo 110 111 41020 Sevilla (Spain)\"\n\t\t\t\t\taria-label=\"Avenida Averroes, 8 Modulo 110 111 41020 Sevilla (Spain)\"\n\t\t\t><\/iframe>\n\t\t<\/div>\n\t\t\t\t<\/div>\n\t\t\t\t<\/div>\n\t\t\t\t\t<\/div>\n\t\t<\/div>\n\t\t\t\t\t\t\t<\/div>\n\t\t<\/section>\n\t\t\t\t\t<\/div>\n\t\t<\/div>\n\t\t\t\t\t\t\t<\/div>\n\t\t<\/section>\n\t\t\t\t\t\t\t<\/div>","protected":false},"excerpt":{"rendered":"<p>Contacte con nostros escr\u00edbanos un mensaje Ll\u00e1menos hoy mismo o env\u00edenos un correo electr\u00f3nico\u00a0 \u00a1Nos esforzamos por ofrecer a nuestros clientes una asistencia de primera clase para que su experiencia sea excelente! Linkedin sevilla Nuestras oficinas Sevilla Sevilla Avenida Averroes, 8 Edificio Acr\u00f3polis, planta 4 M\u00f3dulos de [&hellip;]<\/p>","protected":false},"author":1,"featured_media":0,"parent":0,"menu_order":0,"comment_status":"closed","ping_status":"closed","template":"elementor_header_footer","meta":{"footnotes":""},"class_list":["post-3450","page","type-page","status-publish","hentry"],"_links":{"self":[{"href":"https:\/\/iberenergy.services\/en\/wp-json\/wp\/v2\/pages\/3450","targetHints":{"allow":["GET"]}}],"collection":[{"href":"https:\/\/iberenergy.services\/en\/wp-json\/wp\/v2\/pages"}],"about":[{"href":"https:\/\/iberenergy.services\/en\/wp-json\/wp\/v2\/types\/page"}],"author":[{"embeddable":true,"href":"https:\/\/iberenergy.services\/en\/wp-json\/wp\/v2\/users\/1"}],"replies":[{"embeddable":true,"href":"https:\/\/iberenergy.services\/en\/wp-json\/wp\/v2\/comments?post=3450"}],"version-history":[{"count":16,"href":"https:\/\/iberenergy.services\/en\/wp-json\/wp\/v2\/pages\/3450\/revisions"}],"predecessor-version":[{"id":8387,"href":"https:\/\/iberenergy.services\/en\/wp-json\/wp\/v2\/pages\/3450\/revisions\/8387"}],"wp:attachment":[{"href":"https:\/\/iberenergy.services\/en\/wp-json\/wp\/v2\/media?parent=3450"}],"curies":[{"name":"wp","href":"https:\/\/api.w.org\/{rel}","templated":true}]}}