{"id":3268,"date":"2021-08-26T06:56:42","date_gmt":"2021-08-26T06:56:42","guid":{"rendered":"https:\/\/zingboxwp.demothemesflat.com\/?page_id=3268"},"modified":"2023-09-20T13:24:37","modified_gmt":"2023-09-20T13:24:37","slug":"team-2","status":"publish","type":"page","link":"https:\/\/iberenergy.services\/en\/team-2\/","title":{"rendered":"Sobre nosotros"},"content":{"rendered":"<div data-elementor-type=\"wp-page\" data-elementor-id=\"3268\" class=\"elementor elementor-3268\">\n\t\t\t\t\t\t\t\t\t<section class=\"elementor-section elementor-top-section elementor-element elementor-element-27bb007 elementor-section-boxed elementor-section-height-default elementor-section-height-default\" data-id=\"27bb007\" data-element_type=\"section\">\n\t\t\t\t\t\t<div class=\"elementor-container elementor-column-gap-no\">\n\t\t\t\t\t<div class=\"elementor-column elementor-col-100 elementor-top-column elementor-element elementor-element-86f7f8c\" data-id=\"86f7f8c\" data-element_type=\"column\">\n\t\t\t<div class=\"elementor-widget-wrap elementor-element-populated\">\n\t\t\t\t\t\t\t\t<section class=\"elementor-section elementor-inner-section elementor-element elementor-element-76168da elementor-section-full_width elementor-section-height-default elementor-section-height-default\" data-id=\"76168da\" data-element_type=\"section\">\n\t\t\t\t\t\t<div class=\"elementor-container elementor-column-gap-extended\">\n\t\t\t\t\t<div class=\"elementor-column elementor-col-100 elementor-inner-column elementor-element elementor-element-d16e6c4\" data-id=\"d16e6c4\" data-element_type=\"column\">\n\t\t\t<div class=\"elementor-widget-wrap elementor-element-populated\">\n\t\t\t\t\t\t\t\t<div class=\"elementor-element elementor-element-1d85e7a elementor-widget elementor-widget-tf-title-section\" data-id=\"1d85e7a\" data-element_type=\"widget\" data-widget_type=\"tf-title-section.default\">\n\t\t\t\t<div class=\"elementor-widget-container\">\n\t\t\t<div id=\"tf-title-section-1d85e7a\" class=\"tf-title-section\" data-tabid=\"1d85e7a\"> \r\n\t\t\t\t\r\n\t\t\t<div class=\"title-section\">\r\n\t\t\t\t<div class=\"blurred-text\">OUR TEAM<\/div>\r\n\t\t\t\t<h2 class=\"heading\">Meet our professionals<\/h2>\r\n\t\t\t\t<div class=\"sub-title\"><p>A multidisciplinary team with more than 12 GW of experience in renewables<\/p><\/div>\r\n\t\t\t<\/div>                \r\n            <\/div>\t\t<\/div>\n\t\t\t\t<\/div>\n\t\t\t\t\t<\/div>\n\t\t<\/div>\n\t\t\t\t\t\t\t<\/div>\n\t\t<\/section>\n\t\t\t\t<section class=\"elementor-section elementor-inner-section elementor-element elementor-element-e6e5c77 elementor-section-full_width elementor-section-height-default elementor-section-height-default\" data-id=\"e6e5c77\" data-element_type=\"section\">\n\t\t\t\t\t\t<div class=\"elementor-container elementor-column-gap-extended\">\n\t\t\t\t\t<div class=\"elementor-column elementor-col-25 elementor-inner-column elementor-element elementor-element-c0e00f5\" data-id=\"c0e00f5\" data-element_type=\"column\">\n\t\t\t<div class=\"elementor-widget-wrap elementor-element-populated\">\n\t\t\t\t\t\t\t\t<div class=\"elementor-element elementor-element-06e1664 elementor-widget elementor-widget-tf-team\" data-id=\"06e1664\" data-element_type=\"widget\" data-widget_type=\"tf-team.default\">\n\t\t\t\t<div class=\"elementor-widget-container\">\n\t\t\t<div id=\"tf-team-06e1664\" class=\"tf-team style1\" data-tabid=\"06e1664\"> \r\n\t\t\t\t<div class=\"wrap-team\">\r\n\t\t\t\t\t\t\t\t<div class=\"image-team\">\r\n\t\t\t\t\t\t\t\t\t<div class=\"inner-image\"><img loading=\"lazy\" decoding=\"async\" width=\"1261\" height=\"1600\" src=\"https:\/\/iberenergy.services\/wp-content\/uploads\/2023\/05\/WhatsApp-Image-2023-01-18-at-22.32.39.jpeg\" class=\"attachment-full size-full wp-image-8288\" alt=\"\" srcset=\"https:\/\/iberenergy.services\/wp-content\/uploads\/2023\/05\/WhatsApp-Image-2023-01-18-at-22.32.39.jpeg 1261w, https:\/\/iberenergy.services\/wp-content\/uploads\/2023\/05\/WhatsApp-Image-2023-01-18-at-22.32.39-236x300.jpeg 236w, https:\/\/iberenergy.services\/wp-content\/uploads\/2023\/05\/WhatsApp-Image-2023-01-18-at-22.32.39-807x1024.jpeg 807w, https:\/\/iberenergy.services\/wp-content\/uploads\/2023\/05\/WhatsApp-Image-2023-01-18-at-22.32.39-768x974.jpeg 768w, https:\/\/iberenergy.services\/wp-content\/uploads\/2023\/05\/WhatsApp-Image-2023-01-18-at-22.32.39-350x444.jpeg 350w, https:\/\/iberenergy.services\/wp-content\/uploads\/2023\/05\/WhatsApp-Image-2023-01-18-at-22.32.39-370x469.jpeg 370w, https:\/\/iberenergy.services\/wp-content\/uploads\/2023\/05\/WhatsApp-Image-2023-01-18-at-22.32.39-255x324.jpeg 255w, https:\/\/iberenergy.services\/wp-content\/uploads\/2023\/05\/WhatsApp-Image-2023-01-18-at-22.32.39-285x362.jpeg 285w, https:\/\/iberenergy.services\/wp-content\/uploads\/2023\/05\/WhatsApp-Image-2023-01-18-at-22.32.39-1211x1536.jpeg 1211w\" sizes=\"auto, (max-width: 1261px) 100vw, 1261px\" \/><\/div>\t\t\t\t\t\t\t\t\t\r\n\t\t\t\t\t\t\t\t<\/div>\r\n\t\t\t\t\t\t\t\t<div class=\"content\">\r\n\t\t\t\t\t\t\t\t<h3 class=\"title\">Salvador Albertos<\/h3>\r\n\t\t\t\t\t\t\t\t<div class=\"position\"> General director <\/br>CEO <\/div>\r\n\t\t\t\t\t\t\t\t<div class=\"social\"><a href=\"https:\/\/www.linkedin.com\/in\/salvador-albertos-albertos-bb68a5168\/\"  target=\"_blank\" rel=\"nofollow\"><i class=\"fab fa-linkedin\"><\/i><\/a><\/div>\r\n\t\t\t\t\t\t\t\t<\/div>\r\n\t\t\t\t\t\t\t<\/div>                \r\n            <\/div>\t\t<\/div>\n\t\t\t\t<\/div>\n\t\t\t\t\t<\/div>\n\t\t<\/div>\n\t\t\t\t<div class=\"elementor-column elementor-col-25 elementor-inner-column elementor-element elementor-element-4f1840f\" data-id=\"4f1840f\" data-element_type=\"column\">\n\t\t\t<div class=\"elementor-widget-wrap elementor-element-populated\">\n\t\t\t\t\t\t\t\t<div class=\"elementor-element elementor-element-0a80642 elementor-widget elementor-widget-tf-team\" data-id=\"0a80642\" data-element_type=\"widget\" data-widget_type=\"tf-team.default\">\n\t\t\t\t<div class=\"elementor-widget-container\">\n\t\t\t<div id=\"tf-team-0a80642\" class=\"tf-team style1\" data-tabid=\"0a80642\"> \r\n\t\t\t\t<div class=\"wrap-team\">\r\n\t\t\t\t\t\t\t\t<div class=\"image-team\">\r\n\t\t\t\t\t\t\t\t\t<div class=\"inner-image\"><img loading=\"lazy\" decoding=\"async\" width=\"1261\" height=\"1600\" src=\"https:\/\/iberenergy.services\/wp-content\/uploads\/2023\/09\/ODS-Rafael.jpg\" class=\"attachment-full size-full wp-image-8311\" alt=\"\" srcset=\"https:\/\/iberenergy.services\/wp-content\/uploads\/2023\/09\/ODS-Rafael.jpg 1261w, https:\/\/iberenergy.services\/wp-content\/uploads\/2023\/09\/ODS-Rafael-236x300.jpg 236w, https:\/\/iberenergy.services\/wp-content\/uploads\/2023\/09\/ODS-Rafael-807x1024.jpg 807w, https:\/\/iberenergy.services\/wp-content\/uploads\/2023\/09\/ODS-Rafael-768x974.jpg 768w, https:\/\/iberenergy.services\/wp-content\/uploads\/2023\/09\/ODS-Rafael-350x444.jpg 350w, https:\/\/iberenergy.services\/wp-content\/uploads\/2023\/09\/ODS-Rafael-370x469.jpg 370w, https:\/\/iberenergy.services\/wp-content\/uploads\/2023\/09\/ODS-Rafael-255x324.jpg 255w, https:\/\/iberenergy.services\/wp-content\/uploads\/2023\/09\/ODS-Rafael-285x362.jpg 285w, https:\/\/iberenergy.services\/wp-content\/uploads\/2023\/09\/ODS-Rafael-1211x1536.jpg 1211w\" sizes=\"auto, (max-width: 1261px) 100vw, 1261px\" \/><\/div>\t\t\t\t\t\t\t\t\t\r\n\t\t\t\t\t\t\t\t<\/div>\r\n\t\t\t\t\t\t\t\t<div class=\"content\">\r\n\t\t\t\t\t\t\t\t<h3 class=\"title\">Rafael Fern\u00e1ndez<\/h3>\r\n\t\t\t\t\t\t\t\t<div class=\"position\"> Engineering Department <\/div>\r\n\t\t\t\t\t\t\t\t<div class=\"social\"><a href=\"\"  target=\"_blank\" rel=\"nofollow\"><i class=\"fab fa-linkedin\"><\/i><\/a><\/div>\r\n\t\t\t\t\t\t\t\t<\/div>\r\n\t\t\t\t\t\t\t<\/div>                \r\n            <\/div>\t\t<\/div>\n\t\t\t\t<\/div>\n\t\t\t\t\t<\/div>\n\t\t<\/div>\n\t\t\t\t<div class=\"elementor-column elementor-col-25 elementor-inner-column elementor-element elementor-element-1485ed8\" data-id=\"1485ed8\" data-element_type=\"column\">\n\t\t\t<div class=\"elementor-widget-wrap elementor-element-populated\">\n\t\t\t\t\t\t\t\t<div class=\"elementor-element elementor-element-640786f elementor-widget elementor-widget-tf-team\" data-id=\"640786f\" data-element_type=\"widget\" data-widget_type=\"tf-team.default\">\n\t\t\t\t<div class=\"elementor-widget-container\">\n\t\t\t<div id=\"tf-team-640786f\" class=\"tf-team style1\" data-tabid=\"640786f\"> \r\n\t\t\t\t<div class=\"wrap-team\">\r\n\t\t\t\t\t\t\t\t<div class=\"image-team\">\r\n\t\t\t\t\t\t\t\t\t<div class=\"inner-image\"><img loading=\"lazy\" decoding=\"async\" width=\"1261\" height=\"1600\" src=\"https:\/\/iberenergy.services\/wp-content\/uploads\/2023\/09\/ODS-Angel-Bellor.jpg\" class=\"attachment-full size-full wp-image-8310\" alt=\"\" srcset=\"https:\/\/iberenergy.services\/wp-content\/uploads\/2023\/09\/ODS-Angel-Bellor.jpg 1261w, https:\/\/iberenergy.services\/wp-content\/uploads\/2023\/09\/ODS-Angel-Bellor-236x300.jpg 236w, https:\/\/iberenergy.services\/wp-content\/uploads\/2023\/09\/ODS-Angel-Bellor-807x1024.jpg 807w, https:\/\/iberenergy.services\/wp-content\/uploads\/2023\/09\/ODS-Angel-Bellor-768x974.jpg 768w, https:\/\/iberenergy.services\/wp-content\/uploads\/2023\/09\/ODS-Angel-Bellor-350x444.jpg 350w, https:\/\/iberenergy.services\/wp-content\/uploads\/2023\/09\/ODS-Angel-Bellor-370x469.jpg 370w, https:\/\/iberenergy.services\/wp-content\/uploads\/2023\/09\/ODS-Angel-Bellor-255x324.jpg 255w, https:\/\/iberenergy.services\/wp-content\/uploads\/2023\/09\/ODS-Angel-Bellor-285x362.jpg 285w, https:\/\/iberenergy.services\/wp-content\/uploads\/2023\/09\/ODS-Angel-Bellor-1211x1536.jpg 1211w\" sizes=\"auto, (max-width: 1261px) 100vw, 1261px\" \/><\/div>\t\t\t\t\t\t\t\t\t\r\n\t\t\t\t\t\t\t\t<\/div>\r\n\t\t\t\t\t\t\t\t<div class=\"content\">\r\n\t\t\t\t\t\t\t\t<h3 class=\"title\">\u00c1ngel Bello<\/h3>\r\n\t\t\t\t\t\t\t\t<div class=\"position\"> Connecting Infrastructures and Promotions <\/div>\r\n\t\t\t\t\t\t\t\t<div class=\"social\"><a href=\"https:\/\/www.linkedin.com\/in\/angel-bello-s%C3%A1nchez-a703aa163\/\"  target=\"_blank\" rel=\"nofollow\"><i class=\"fab fa-linkedin\"><\/i><\/a><\/div>\r\n\t\t\t\t\t\t\t\t<\/div>\r\n\t\t\t\t\t\t\t<\/div>                \r\n            <\/div>\t\t<\/div>\n\t\t\t\t<\/div>\n\t\t\t\t\t<\/div>\n\t\t<\/div>\n\t\t\t\t<div class=\"elementor-column elementor-col-25 elementor-inner-column elementor-element elementor-element-f6039bf\" data-id=\"f6039bf\" data-element_type=\"column\">\n\t\t\t<div class=\"elementor-widget-wrap elementor-element-populated\">\n\t\t\t\t\t\t\t\t<div class=\"elementor-element elementor-element-da57e70 elementor-widget elementor-widget-tf-team\" data-id=\"da57e70\" data-element_type=\"widget\" data-widget_type=\"tf-team.default\">\n\t\t\t\t<div class=\"elementor-widget-container\">\n\t\t\t<div id=\"tf-team-da57e70\" class=\"tf-team style1\" data-tabid=\"da57e70\"> \r\n\t\t\t\t<div class=\"wrap-team\">\r\n\t\t\t\t\t\t\t\t<div class=\"image-team\">\r\n\t\t\t\t\t\t\t\t\t<div class=\"inner-image\"><img loading=\"lazy\" decoding=\"async\" width=\"1261\" height=\"1600\" src=\"https:\/\/iberenergy.services\/wp-content\/uploads\/2023\/09\/Raimundo.jpg\" class=\"attachment-full size-full wp-image-8312\" alt=\"\" srcset=\"https:\/\/iberenergy.services\/wp-content\/uploads\/2023\/09\/Raimundo.jpg 1261w, https:\/\/iberenergy.services\/wp-content\/uploads\/2023\/09\/Raimundo-236x300.jpg 236w, https:\/\/iberenergy.services\/wp-content\/uploads\/2023\/09\/Raimundo-807x1024.jpg 807w, https:\/\/iberenergy.services\/wp-content\/uploads\/2023\/09\/Raimundo-768x974.jpg 768w, https:\/\/iberenergy.services\/wp-content\/uploads\/2023\/09\/Raimundo-350x444.jpg 350w, https:\/\/iberenergy.services\/wp-content\/uploads\/2023\/09\/Raimundo-370x469.jpg 370w, https:\/\/iberenergy.services\/wp-content\/uploads\/2023\/09\/Raimundo-255x324.jpg 255w, https:\/\/iberenergy.services\/wp-content\/uploads\/2023\/09\/Raimundo-285x362.jpg 285w, https:\/\/iberenergy.services\/wp-content\/uploads\/2023\/09\/Raimundo-1211x1536.jpg 1211w\" sizes=\"auto, (max-width: 1261px) 100vw, 1261px\" \/><\/div>\t\t\t\t\t\t\t\t\t\r\n\t\t\t\t\t\t\t\t<\/div>\r\n\t\t\t\t\t\t\t\t<div class=\"content\">\r\n\t\t\t\t\t\t\t\t<h3 class=\"title\">Raimundo Nu\u00f1ez<\/h3>\r\n\t\t\t\t\t\t\t\t<div class=\"position\"> Responsible for <\/br>Business Development <\/div>\r\n\t\t\t\t\t\t\t\t<div class=\"social\"><a href=\"https:\/\/www.linkedin.com\/in\/raimundo-nu%C3%B1ez-8a150192\/\"  target=\"_blank\" rel=\"nofollow\"><i class=\"fab fa-linkedin\"><\/i><\/a><\/div>\r\n\t\t\t\t\t\t\t\t<\/div>\r\n\t\t\t\t\t\t\t<\/div>                \r\n            <\/div>\t\t<\/div>\n\t\t\t\t<\/div>\n\t\t\t\t\t<\/div>\n\t\t<\/div>\n\t\t\t\t\t\t\t<\/div>\n\t\t<\/section>\n\t\t\t\t\t<\/div>\n\t\t<\/div>\n\t\t\t\t\t\t\t<\/div>\n\t\t<\/section>\n\t\t\t\t<section class=\"elementor-section elementor-top-section elementor-element elementor-element-2b9bd7f elementor-section-full_width elementor-section-stretched elementor-section-height-default elementor-section-height-default\" data-id=\"2b9bd7f\" data-element_type=\"section\" data-settings=\"{&quot;background_background&quot;:&quot;classic&quot;,&quot;stretch_section&quot;:&quot;section-stretched&quot;}\">\n\t\t\t\t\t\t\t<div class=\"elementor-background-overlay\"><\/div>\n\t\t\t\t\t\t\t<div class=\"elementor-container elementor-column-gap-no\">\n\t\t\t\t\t<div class=\"elementor-column elementor-col-100 elementor-top-column elementor-element elementor-element-81f7d90\" data-id=\"81f7d90\" data-element_type=\"column\">\n\t\t\t<div class=\"elementor-widget-wrap elementor-element-populated\">\n\t\t\t\t\t\t\t\t<section class=\"elementor-section elementor-inner-section elementor-element elementor-element-ee52a28 elementor-section-full_width elementor-section-height-default elementor-section-height-default\" data-id=\"ee52a28\" data-element_type=\"section\">\n\t\t\t\t\t\t<div class=\"elementor-container elementor-column-gap-extended\">\n\t\t\t\t\t<div class=\"elementor-column elementor-col-50 elementor-inner-column elementor-element elementor-element-1235f8f\" data-id=\"1235f8f\" data-element_type=\"column\">\n\t\t\t<div class=\"elementor-widget-wrap\">\n\t\t\t\t\t\t\t\t\t<\/div>\n\t\t<\/div>\n\t\t\t\t<div class=\"elementor-column elementor-col-50 elementor-inner-column elementor-element elementor-element-21d787b\" data-id=\"21d787b\" data-element_type=\"column\" data-settings=\"{&quot;background_background&quot;:&quot;classic&quot;}\">\n\t\t\t<div class=\"elementor-widget-wrap elementor-element-populated\">\n\t\t\t\t\t<div class=\"elementor-background-overlay\"><\/div>\n\t\t\t\t\t\t\t\t<div class=\"elementor-element elementor-element-80ee6f6 elementor-widget elementor-widget-tf-title-section\" data-id=\"80ee6f6\" data-element_type=\"widget\" data-widget_type=\"tf-title-section.default\">\n\t\t\t\t<div class=\"elementor-widget-container\">\n\t\t\t<div id=\"tf-title-section-80ee6f6\" class=\"tf-title-section\" data-tabid=\"80ee6f6\"> \r\n\t\t\t\t\r\n\t\t\t<div class=\"title-section\">\r\n\t\t\t\t\r\n\t\t\t\t<h2 class=\"heading\">Vision and Objective<\/h2>\r\n\t\t\t\t<div class=\"sub-title\"><p>IBERENERGY is aware of the times we live in, in which demands are increasing while budgets are tightening, we know that it is now when we depend more on the right decision. Our adaptation to some of the most demanding control systems in the world as a result of the entry into new markets is today one of our main values Controls such as those that exist in the field of EPC Engineering Procurement Construction projects with demanding actors and infallible systems, have taught us the importance of the right decision and the effectiveness of planning.<\/p><p>\u00a0<\/p><p>As a result, we are now able to offer a comprehensive service in which our clients can entrust us with the entire process involved in making their projects a reality, regardless of where they wish to carry them out.<\/p><p>\u00a0<\/p><p>As experts in installations, we know that our projects must guarantee the viability and proper functioning of each installation. That is why our commitment does not end with the delivery of the work, but continues over time, offering a maintenance and after-sales service that allows our clients to be sure that they can count on us to ensure that their company enjoys great success.<\/p><\/div>\r\n\t\t\t<\/div>                \r\n            <\/div>\t\t<\/div>\n\t\t\t\t<\/div>\n\t\t\t\t\t<\/div>\n\t\t<\/div>\n\t\t\t\t\t\t\t<\/div>\n\t\t<\/section>\n\t\t\t\t<section class=\"elementor-section elementor-inner-section elementor-element elementor-element-f89750f elementor-section-full_width elementor-section-height-default elementor-section-height-default\" data-id=\"f89750f\" data-element_type=\"section\">\n\t\t\t\t\t\t<div class=\"elementor-container elementor-column-gap-no\">\n\t\t\t\t\t<div class=\"elementor-column elementor-col-50 elementor-inner-column elementor-element elementor-element-561708d\" data-id=\"561708d\" data-element_type=\"column\">\n\t\t\t<div class=\"elementor-widget-wrap elementor-element-populated\">\n\t\t\t\t\t\t\t\t<div class=\"elementor-element elementor-element-0752a35 elementor-widget elementor-widget-image\" data-id=\"0752a35\" data-element_type=\"widget\" data-widget_type=\"image.default\">\n\t\t\t\t<div class=\"elementor-widget-container\">\n\t\t\t\t\t\t\t\t\t\t\t\t\t\t\t<img decoding=\"async\" src=\"https:\/\/iberenergy.services\/wp-content\/uploads\/elementor\/thumbs\/services-004-pwi722qbszhcs0i08hcy3nsbbt46ed9fep10p1b9ec.jpg\" alt=\"services-004\" \/>\t\t\t\t\t\t\t\t\t\t\t\t\t\t\t<\/div>\n\t\t\t\t<\/div>\n\t\t\t\t\t<\/div>\n\t\t<\/div>\n\t\t\t\t<div class=\"elementor-column elementor-col-50 elementor-inner-column elementor-element elementor-element-79d0a05\" data-id=\"79d0a05\" data-element_type=\"column\">\n\t\t\t<div class=\"elementor-widget-wrap\">\n\t\t\t\t\t\t\t\t\t<\/div>\n\t\t<\/div>\n\t\t\t\t\t\t\t<\/div>\n\t\t<\/section>\n\t\t\t\t\t<\/div>\n\t\t<\/div>\n\t\t\t\t\t\t\t<\/div>\n\t\t<\/section>\n\t\t\t\t<section class=\"elementor-section elementor-top-section elementor-element elementor-element-3d4e784 elementor-section-boxed elementor-section-height-default elementor-section-height-default\" data-id=\"3d4e784\" data-element_type=\"section\" data-settings=\"{&quot;background_background&quot;:&quot;classic&quot;}\">\n\t\t\t\t\t\t<div class=\"elementor-container elementor-column-gap-extended\">\n\t\t\t\t\t<div class=\"elementor-column elementor-col-100 elementor-top-column elementor-element elementor-element-f0ee755\" data-id=\"f0ee755\" data-element_type=\"column\">\n\t\t\t<div class=\"elementor-widget-wrap elementor-element-populated\">\n\t\t\t\t\t\t\t\t<div class=\"elementor-element elementor-element-3d77456 elementor-widget elementor-widget-tf-title-section\" data-id=\"3d77456\" data-element_type=\"widget\" data-widget_type=\"tf-title-section.default\">\n\t\t\t\t<div class=\"elementor-widget-container\">\n\t\t\t<div id=\"tf-title-section-3d77456\" class=\"tf-title-section\" data-tabid=\"3d77456\"> \r\n\t\t\t\t\r\n\t\t\t<div class=\"title-section\">\r\n\t\t\t\t<div class=\"blurred-text\">partnerships<\/div>\r\n\t\t\t\t<h2 class=\"heading\">customers<\/h2>\r\n\t\t\t\t<div class=\"sub-title\"><p>IBERENERGY, given the variety of its activity, has a portfolio of clients, many of which belong to the private sector. However, work has also been carried out for public administrations and governmental institutions.<\/p><p>The satisfaction of our clients is one of our top priorities IBERENERGY maintains a close relationship with them, attending to their needs and providing solutions due to the experience accumulated in the renewable energy sector and specifically in the solar photovoltaic sector.<br \/>IBERENERGY collaborates with engineering companies, manufacturers of structures or solar panels as well as developers in the development of their projects from the initial phase to their execution.<\/p><\/div>\r\n\t\t\t<\/div>                \r\n            <\/div>\t\t<\/div>\n\t\t\t\t<\/div>\n\t\t\t\t<div class=\"elementor-element elementor-element-591d3b2 elementor-widget elementor-widget-image-carousel\" data-id=\"591d3b2\" data-element_type=\"widget\" data-settings=\"{&quot;slides_to_show&quot;:&quot;5&quot;,&quot;navigation&quot;:&quot;none&quot;,&quot;image_spacing_custom&quot;:{&quot;unit&quot;:&quot;px&quot;,&quot;size&quot;:80,&quot;sizes&quot;:[]},&quot;autoplay&quot;:&quot;yes&quot;,&quot;pause_on_hover&quot;:&quot;yes&quot;,&quot;pause_on_interaction&quot;:&quot;yes&quot;,&quot;autoplay_speed&quot;:5000,&quot;infinite&quot;:&quot;yes&quot;,&quot;speed&quot;:500,&quot;image_spacing_custom_tablet&quot;:{&quot;unit&quot;:&quot;px&quot;,&quot;size&quot;:&quot;&quot;,&quot;sizes&quot;:[]},&quot;image_spacing_custom_mobile&quot;:{&quot;unit&quot;:&quot;px&quot;,&quot;size&quot;:&quot;&quot;,&quot;sizes&quot;:[]}}\" data-widget_type=\"image-carousel.default\">\n\t\t\t\t<div class=\"elementor-widget-container\">\n\t\t\t\t\t<div class=\"elementor-image-carousel-wrapper swiper-container\" dir=\"ltr\">\n\t\t\t<div class=\"elementor-image-carousel swiper-wrapper\" aria-live=\"off\">\n\t\t\t\t\t\t\t\t<div class=\"swiper-slide\" role=\"group\" aria-roledescription=\"slide\" aria-label=\"1 of 9\"><figure class=\"swiper-slide-inner\"><img decoding=\"async\" class=\"swiper-slide-image\" src=\"https:\/\/iberenergy.services\/wp-content\/uploads\/2022\/10\/Iberenergy-dragados-100.jpg\" alt=\"Iberenergy-dragados-100\" \/><\/figure><\/div><div class=\"swiper-slide\" role=\"group\" aria-roledescription=\"slide\" aria-label=\"2 of 9\"><figure class=\"swiper-slide-inner\"><img decoding=\"async\" class=\"swiper-slide-image\" src=\"https:\/\/iberenergy.services\/wp-content\/uploads\/2022\/10\/Iberenergy-ministerio-100.jpg\" alt=\"Iberenergy-ministerio-100\" \/><\/figure><\/div><div class=\"swiper-slide\" role=\"group\" aria-roledescription=\"slide\" aria-label=\"3 of 9\"><figure class=\"swiper-slide-inner\"><img decoding=\"async\" class=\"swiper-slide-image\" src=\"https:\/\/iberenergy.services\/wp-content\/uploads\/2022\/10\/Iberenergy-repsol-100.jpg\" alt=\"Iberenergy-repsol-100\" \/><\/figure><\/div><div class=\"swiper-slide\" role=\"group\" aria-roledescription=\"slide\" aria-label=\"4 of 9\"><figure class=\"swiper-slide-inner\"><img decoding=\"async\" class=\"swiper-slide-image\" src=\"https:\/\/iberenergy.services\/wp-content\/uploads\/2022\/10\/Iberenergy-siemens-100.jpg\" alt=\"Iberenergy-siemens-100\" \/><\/figure><\/div><div class=\"swiper-slide\" role=\"group\" aria-roledescription=\"slide\" aria-label=\"5 of 9\"><figure class=\"swiper-slide-inner\"><img decoding=\"async\" class=\"swiper-slide-image\" src=\"https:\/\/iberenergy.services\/wp-content\/uploads\/2022\/10\/Iberenergy-abertis-100.jpg\" alt=\"Iberenergy-abertis-100\" \/><\/figure><\/div><div class=\"swiper-slide\" role=\"group\" aria-roledescription=\"slide\" aria-label=\"6 of 9\"><figure class=\"swiper-slide-inner\"><img decoding=\"async\" class=\"swiper-slide-image\" src=\"https:\/\/iberenergy.services\/wp-content\/uploads\/2022\/10\/Iberenergy-adif-100.jpg\" alt=\"Iberenergy-adif-100\" \/><\/figure><\/div><div class=\"swiper-slide\" role=\"group\" aria-roledescription=\"slide\" aria-label=\"7 of 9\"><figure class=\"swiper-slide-inner\"><img decoding=\"async\" class=\"swiper-slide-image\" src=\"https:\/\/iberenergy.services\/wp-content\/uploads\/2022\/10\/Iberenergy-almeria-ciudadf-100.jpg\" alt=\"Iberenergy-almeria ciudadf-100\" \/><\/figure><\/div><div class=\"swiper-slide\" role=\"group\" aria-roledescription=\"slide\" aria-label=\"8 of 9\"><figure class=\"swiper-slide-inner\"><img decoding=\"async\" class=\"swiper-slide-image\" src=\"https:\/\/iberenergy.services\/wp-content\/uploads\/2022\/10\/Iberenergy-canadian-solar-100.jpg\" alt=\"Iberenergy-canadian solar-100\" \/><\/figure><\/div><div class=\"swiper-slide\" role=\"group\" aria-roledescription=\"slide\" aria-label=\"9 of 9\"><figure class=\"swiper-slide-inner\"><img decoding=\"async\" class=\"swiper-slide-image\" src=\"https:\/\/iberenergy.services\/wp-content\/uploads\/2022\/10\/Iberenergy-cepsa-100.jpg\" alt=\"Iberenergy-cepsa-100\" \/><\/figure><\/div>\t\t\t<\/div>\n\t\t\t\t\t\t\t\n\t\t\t\t\t\t\t\t\t<\/div>\n\t\t\t\t<\/div>\n\t\t\t\t<\/div>\n\t\t\t\t\t<\/div>\n\t\t<\/div>\n\t\t\t\t\t\t\t<\/div>\n\t\t<\/section>\n\t\t\t\t\t\t\t<\/div>","protected":false},"excerpt":{"rendered":"<p>NUESTRO EQUIPO Conoce a nuestros profesionales Un equipo multidisciplinar con m\u00e1s de 12 GW de experiencia en renovables Salvador Albertos Director General CEO Rafael Fern\u00e1ndez Departamento de Ingenier\u00eda \u00c1ngel Bello Infraestructuras de Conexi\u00f3n y Promociones Raimundo Nu\u00f1ez Responsable de Desarrollo de Negocios Visi\u00f3n y Objetivo IBERENERGY es [&hellip;]<\/p>","protected":false},"author":1,"featured_media":0,"parent":0,"menu_order":0,"comment_status":"closed","ping_status":"closed","template":"elementor_header_footer","meta":{"footnotes":""},"class_list":["post-3268","page","type-page","status-publish","hentry"],"_links":{"self":[{"href":"https:\/\/iberenergy.services\/en\/wp-json\/wp\/v2\/pages\/3268","targetHints":{"allow":["GET"]}}],"collection":[{"href":"https:\/\/iberenergy.services\/en\/wp-json\/wp\/v2\/pages"}],"about":[{"href":"https:\/\/iberenergy.services\/en\/wp-json\/wp\/v2\/types\/page"}],"author":[{"embeddable":true,"href":"https:\/\/iberenergy.services\/en\/wp-json\/wp\/v2\/users\/1"}],"replies":[{"embeddable":true,"href":"https:\/\/iberenergy.services\/en\/wp-json\/wp\/v2\/comments?post=3268"}],"version-history":[{"count":34,"href":"https:\/\/iberenergy.services\/en\/wp-json\/wp\/v2\/pages\/3268\/revisions"}],"predecessor-version":[{"id":8315,"href":"https:\/\/iberenergy.services\/en\/wp-json\/wp\/v2\/pages\/3268\/revisions\/8315"}],"wp:attachment":[{"href":"https:\/\/iberenergy.services\/en\/wp-json\/wp\/v2\/media?parent=3268"}],"curies":[{"name":"wp","href":"https:\/\/api.w.org\/{rel}","templated":true}]}}